{"id":3834,"date":"2024-12-30T14:14:36","date_gmt":"2024-12-30T14:14:36","guid":{"rendered":"https:\/\/allthose.org\/accessibilitat\/"},"modified":"2025-02-11T17:18:37","modified_gmt":"2025-02-11T17:18:37","slug":"accessibilitat","status":"publish","type":"page","link":"https:\/\/allthose.org\/ca\/accessibilitat\/","title":{"rendered":"Accessibilitat"},"content":{"rendered":"\t\t<div data-elementor-type=\"wp-page\" data-elementor-id=\"3834\" class=\"elementor elementor-3834 elementor-3134\" data-elementor-post-type=\"page\">\n\t\t\t\t<div class=\"elementor-element elementor-element-afacb3e e-con-full e-flex e-con e-parent\" data-id=\"afacb3e\" data-element_type=\"container\">\n\t\t\t\t<div class=\"elementor-element elementor-element-0b77c74 elementor-widget__width-initial elementor-widget elementor-widget-text-editor\" data-id=\"0b77c74\" data-element_type=\"widget\" data-widget_type=\"text-editor.default\">\n\t\t\t\t<div class=\"elementor-widget-container\">\n\t\t\t\t\t\t\t\t\t<h2><strong>Accessibilitat<\/strong><\/h2>\n<p>La present declaraci\u00f3 d&#8217;accessibilitat s&#8217;aplica al lloc web https:\/\/allthose.org\/ :<\/p>\n<p><strong>SITUACI\u00d3 DE COMPLIMENT<\/strong><\/p>\n<p>Aquest lloc web \u00e9s parcialment conforme amb el <a href=\"http:\/\/www.boe.es\/diario_boe\/txt.php?id=BOE-A-2018-12699\"><strong>RD 1112\/2018<\/strong><\/a> degut a les excepcions i a la manca de conformitat dels aspectes que s&#8217;indiquen en el seg\u00fcent punt.<\/p>\n<p><strong>CONTINGUT NO ACCESSIBLE<\/strong><\/p>\n<p>El contingut que es recull a continuaci\u00f3 no \u00e9s accessible per la seg\u00fcent ra\u00f3:<\/p>\n<ul>\n<li>Falta de conformitat amb el RD 1112\/2018<\/li>\n<li>Podrien existir alguns aspectes de contrast que no compleixin els m\u00ednims exigits, 3:1, pel que fa als colors adjacents del fons de la secci\u00f3 de la web en q\u00fcesti\u00f3. [9 .1.4.11 Contraste no textual]<\/li>\n<li>Podrien existir algunes etiquetes o instruccions no etiquetades correctament. [9 .3.3.2 Etiquetas o instrucciones]<\/li>\n<li>Podrien existir missatges d&#8217;estat que no compleixin els m\u00ednims exigits. [9 .4.1.3 Mensajes de estado]<\/li>\n<li>Podrien existir sugger\u00e8ncies davant errors que no compleixin els m\u00ednims exigits. [9 .3.3.3 Sugerencias ante errores (condicional)]<\/li>\n<li>Podrien existir errors en la navegaci\u00f3 seq\u00fcencial per la p\u00e0gina web que afectin al seu significat o la seva operaci\u00f3. [9 .2.4.3 Orden del foco]<\/li>\n<li>Podrien existir errors puntuals d&#8217;edici\u00f3 en alguna p\u00e0gina web.<\/li>\n<\/ul>\n<p>C\u00e0rrega desproporcionada<\/p>\n<p>No aplica.<\/p>\n<p><strong>PREPARACI\u00d3 DE LA SEG\u00dcENT DECLARACI\u00d3 D&#8217;ACCESSIBILITAT<\/strong><\/p>\n<p>La present declaraci\u00f3 va ser preparada el 30 de desembre de 2024.<\/p>\n<p>El m\u00e8tode emprat per preparar la declaraci\u00f3 ha estat una autoavaluaci\u00f3 realitzada per l&#8217;empresa mateixa.<\/p>\n<p><strong>OBSERVACIONS I DADES DE CONTACTE<\/strong><\/p>\n<p>Es pot realitzar comunicacions sobre requisits d&#8217;accessibilitat (article 10.2.a del RD 1112\/2018) com, per exemple:<\/p>\n<ul>\n<li>Informar sobre qualsevol possible incompliment per part d&#8217;aquest lloc web.<\/li>\n<li>Transmitre altres dificultats d&#8217;acc\u00e9s al contingut.<\/li>\n<li>Formular qualsevol altra consulta o suggeriment de millora relativa a l&#8217;accessibilitat del lloc web.<\/li>\n<\/ul>\n<p>A trav\u00e9s de l&#8217;email de contacte <a class=\"c-link\" href=\"mailto:santi@course.annafranques.com\" target=\"_blank\" rel=\"noopener noreferrer\" data-stringify-link=\"mailto:santi@course.annafranques.com\" data-sk=\"tooltip_parent\" aria-haspopup=\"menu\">santi@course.annafranques.com<\/a><\/p>\n<p>Pot presentar:<\/p>\n<ul>\n<li><strong>Queixa<\/strong> relativa al compliment dels requisits del RD 1112\/2018 o<\/li>\n<li><strong>Sol\u00b7licitud d&#8217;informaci\u00f3 accessible<\/strong> relativa a:<\/li>\n<\/ul>\n<p>Continguts que estan exclosos de l&#8217;\u00e0mbit d&#8217;aplicaci\u00f3 del RD 1112\/2018 segons el que s&#8217;estableix per l&#8217;article 3, apartat 4.<\/p>\n<p>Continguts que estan exempts del compliment dels requisits d&#8217;accessibilitat per imposar una c\u00e0rrega desproporcionada.<\/p>\n<p>En la Sol\u00b7licitud d&#8217;informaci\u00f3 accessible, s&#8217;ha de concretar, amb tota claredat, els fets, raons i petici\u00f3 que permetin constatar que es tracta d&#8217;una sol\u00b7licitud raonable i leg\u00edtima.<\/p>\n<p>Les queixes i reclamacions sobre informaci\u00f3 accessible es realitzaran a trav\u00e9s del correu electr\u00f2nic anterior.<\/p>\n<p><strong>PROCEDIMENT D&#8217;APLICACI\u00d3<\/strong><\/p>\n<p>Si, un cop realitzada una sol\u00b7licitud d&#8217;informaci\u00f3 accessible o queixa, aquesta hagu\u00e9s estat desestimada, no estigu\u00e9s d&#8217;acord amb la decisi\u00f3 adoptada, o la resposta no compl\u00eds els requisits contemplats en l&#8217;article 12.5, la persona interessada podr\u00e0 iniciar una reclamaci\u00f3. Igualment, es podr\u00e0 iniciar una reclamaci\u00f3 en el cas que hagi transcorregut el termini de vint dies h\u00e0bils sense haver obtingut resposta. <\/p>\n<p><\/p>\n\t\t\t\t\t\t\t\t<\/div>\n\t\t\t\t<\/div>\n\t\t\t\t<\/div>\n\t\t\t\t<\/div>\n\t\t","protected":false},"excerpt":{"rendered":"<p>Accessibilitat La present declaraci\u00f3 d&#8217;accessibilitat s&#8217;aplica al lloc web https:\/\/allthose.org\/ : SITUACI\u00d3 DE COMPLIMENT Aquest lloc web \u00e9s parcialment conforme amb el RD 1112\/2018 degut a les excepcions i a la manca de conformitat dels aspectes que s&#8217;indiquen en el seg\u00fcent punt. CONTINGUT NO ACCESSIBLE El contingut que es recull a continuaci\u00f3 no \u00e9s accessible [&hellip;]<\/p>\n","protected":false},"author":1,"featured_media":0,"parent":0,"menu_order":0,"comment_status":"closed","ping_status":"closed","template":"","meta":{"footnotes":""},"class_list":["post-3834","page","type-page","status-publish","hentry"],"acf":[],"yoast_head":"<!-- This site is optimized with the Yoast SEO plugin v26.3 - https:\/\/yoast.com\/wordpress\/plugins\/seo\/ -->\n<title>Accessibilitat - All Those Market<\/title>\n<meta name=\"robots\" content=\"index, follow, max-snippet:-1, max-image-preview:large, max-video-preview:-1\" \/>\n<link rel=\"canonical\" href=\"https:\/\/allthose.org\/ca\/accessibilitat\/\" \/>\n<meta property=\"og:locale\" content=\"ca_ES\" \/>\n<meta property=\"og:type\" content=\"article\" \/>\n<meta property=\"og:title\" content=\"Accessibilitat - All Those Market\" \/>\n<meta property=\"og:description\" content=\"Accessibilitat La present declaraci\u00f3 d&#8217;accessibilitat s&#8217;aplica al lloc web https:\/\/allthose.org\/ : SITUACI\u00d3 DE COMPLIMENT Aquest lloc web \u00e9s parcialment conforme amb el RD 1112\/2018 degut a les excepcions i a la manca de conformitat dels aspectes que s&#8217;indiquen en el seg\u00fcent punt. CONTINGUT NO ACCESSIBLE El contingut que es recull a continuaci\u00f3 no \u00e9s accessible [&hellip;]\" \/>\n<meta property=\"og:url\" content=\"https:\/\/allthose.org\/ca\/accessibilitat\/\" \/>\n<meta property=\"og:site_name\" content=\"All Those Market\" \/>\n<meta property=\"article:modified_time\" content=\"2025-02-11T17:18:37+00:00\" \/>\n<meta name=\"twitter:card\" content=\"summary_large_image\" \/>\n<meta name=\"twitter:label1\" content=\"Temps estimat de lectura\" \/>\n\t<meta name=\"twitter:data1\" content=\"2 minuts\" \/>\n<script type=\"application\/ld+json\" class=\"yoast-schema-graph\">{\"@context\":\"https:\/\/schema.org\",\"@graph\":[{\"@type\":\"WebPage\",\"@id\":\"https:\/\/allthose.org\/ca\/accessibilitat\/\",\"url\":\"https:\/\/allthose.org\/ca\/accessibilitat\/\",\"name\":\"Accessibilitat - All Those Market\",\"isPartOf\":{\"@id\":\"https:\/\/allthose.org\/#website\"},\"datePublished\":\"2024-12-30T14:14:36+00:00\",\"dateModified\":\"2025-02-11T17:18:37+00:00\",\"breadcrumb\":{\"@id\":\"https:\/\/allthose.org\/ca\/accessibilitat\/#breadcrumb\"},\"inLanguage\":\"ca\",\"potentialAction\":[{\"@type\":\"ReadAction\",\"target\":[\"https:\/\/allthose.org\/ca\/accessibilitat\/\"]}]},{\"@type\":\"BreadcrumbList\",\"@id\":\"https:\/\/allthose.org\/ca\/accessibilitat\/#breadcrumb\",\"itemListElement\":[{\"@type\":\"ListItem\",\"position\":1,\"name\":\"Home\",\"item\":\"https:\/\/allthose.org\/ca\/\"},{\"@type\":\"ListItem\",\"position\":2,\"name\":\"Accessibilitat\"}]},{\"@type\":\"WebSite\",\"@id\":\"https:\/\/allthose.org\/#website\",\"url\":\"https:\/\/allthose.org\/\",\"name\":\"All Those Market\",\"description\":\"\",\"potentialAction\":[{\"@type\":\"SearchAction\",\"target\":{\"@type\":\"EntryPoint\",\"urlTemplate\":\"https:\/\/allthose.org\/?s={search_term_string}\"},\"query-input\":{\"@type\":\"PropertyValueSpecification\",\"valueRequired\":true,\"valueName\":\"search_term_string\"}}],\"inLanguage\":\"ca\"}]}<\/script>\n<!-- \/ Yoast SEO plugin. -->","yoast_head_json":{"title":"Accessibilitat - All Those Market","robots":{"index":"index","follow":"follow","max-snippet":"max-snippet:-1","max-image-preview":"max-image-preview:large","max-video-preview":"max-video-preview:-1"},"canonical":"https:\/\/allthose.org\/ca\/accessibilitat\/","og_locale":"ca_ES","og_type":"article","og_title":"Accessibilitat - All Those Market","og_description":"Accessibilitat La present declaraci\u00f3 d&#8217;accessibilitat s&#8217;aplica al lloc web https:\/\/allthose.org\/ : SITUACI\u00d3 DE COMPLIMENT Aquest lloc web \u00e9s parcialment conforme amb el RD 1112\/2018 degut a les excepcions i a la manca de conformitat dels aspectes que s&#8217;indiquen en el seg\u00fcent punt. CONTINGUT NO ACCESSIBLE El contingut que es recull a continuaci\u00f3 no \u00e9s accessible [&hellip;]","og_url":"https:\/\/allthose.org\/ca\/accessibilitat\/","og_site_name":"All Those Market","article_modified_time":"2025-02-11T17:18:37+00:00","twitter_card":"summary_large_image","twitter_misc":{"Temps estimat de lectura":"2 minuts"},"schema":{"@context":"https:\/\/schema.org","@graph":[{"@type":"WebPage","@id":"https:\/\/allthose.org\/ca\/accessibilitat\/","url":"https:\/\/allthose.org\/ca\/accessibilitat\/","name":"Accessibilitat - All Those Market","isPartOf":{"@id":"https:\/\/allthose.org\/#website"},"datePublished":"2024-12-30T14:14:36+00:00","dateModified":"2025-02-11T17:18:37+00:00","breadcrumb":{"@id":"https:\/\/allthose.org\/ca\/accessibilitat\/#breadcrumb"},"inLanguage":"ca","potentialAction":[{"@type":"ReadAction","target":["https:\/\/allthose.org\/ca\/accessibilitat\/"]}]},{"@type":"BreadcrumbList","@id":"https:\/\/allthose.org\/ca\/accessibilitat\/#breadcrumb","itemListElement":[{"@type":"ListItem","position":1,"name":"Home","item":"https:\/\/allthose.org\/ca\/"},{"@type":"ListItem","position":2,"name":"Accessibilitat"}]},{"@type":"WebSite","@id":"https:\/\/allthose.org\/#website","url":"https:\/\/allthose.org\/","name":"All Those Market","description":"","potentialAction":[{"@type":"SearchAction","target":{"@type":"EntryPoint","urlTemplate":"https:\/\/allthose.org\/?s={search_term_string}"},"query-input":{"@type":"PropertyValueSpecification","valueRequired":true,"valueName":"search_term_string"}}],"inLanguage":"ca"}]}},"_links":{"self":[{"href":"https:\/\/allthose.org\/ca\/wp-json\/wp\/v2\/pages\/3834","targetHints":{"allow":["GET"]}}],"collection":[{"href":"https:\/\/allthose.org\/ca\/wp-json\/wp\/v2\/pages"}],"about":[{"href":"https:\/\/allthose.org\/ca\/wp-json\/wp\/v2\/types\/page"}],"author":[{"embeddable":true,"href":"https:\/\/allthose.org\/ca\/wp-json\/wp\/v2\/users\/1"}],"replies":[{"embeddable":true,"href":"https:\/\/allthose.org\/ca\/wp-json\/wp\/v2\/comments?post=3834"}],"version-history":[{"count":1,"href":"https:\/\/allthose.org\/ca\/wp-json\/wp\/v2\/pages\/3834\/revisions"}],"predecessor-version":[{"id":3835,"href":"https:\/\/allthose.org\/ca\/wp-json\/wp\/v2\/pages\/3834\/revisions\/3835"}],"wp:attachment":[{"href":"https:\/\/allthose.org\/ca\/wp-json\/wp\/v2\/media?parent=3834"}],"curies":[{"name":"wp","href":"https:\/\/api.w.org\/{rel}","templated":true}]}}