{"id":3831,"date":"2024-03-07T06:18:32","date_gmt":"2024-03-07T06:18:32","guid":{"rendered":"https:\/\/allthose.org\/newsletter-2\/"},"modified":"2025-02-12T15:30:18","modified_gmt":"2025-02-12T15:30:18","slug":"newsletter-2","status":"publish","type":"page","link":"https:\/\/allthose.org\/ca\/newsletter-2\/","title":{"rendered":"Newsletter"},"content":{"rendered":"\t\t<div data-elementor-type=\"wp-page\" data-elementor-id=\"3831\" class=\"elementor elementor-3831 elementor-71\" data-elementor-post-type=\"page\">\n\t\t\t\t<div class=\"elementor-element elementor-element-81d1ce9 e-con-full e-flex e-con e-parent\" data-id=\"81d1ce9\" data-element_type=\"container\">\n\t\t<div class=\"elementor-element elementor-element-c6e32c9 e-con-full e-flex elementor-invisible e-con e-child\" data-id=\"c6e32c9\" data-element_type=\"container\" data-settings=\"{&quot;background_background&quot;:&quot;classic&quot;,&quot;animation&quot;:&quot;fadeIn&quot;}\">\n\t\t\t\t<\/div>\n\t\t<div class=\"elementor-element elementor-element-68fadc5 e-con-full e-flex e-con e-child\" data-id=\"68fadc5\" data-element_type=\"container\">\n\t\t\t\t<div class=\"elementor-element elementor-element-9020b41 eadd-direction-lr elementor-widget elementor-widget-text-editor\" data-id=\"9020b41\" data-element_type=\"widget\" data-settings=\"{&quot;enabled_reveal&quot;:&quot;yes&quot;,&quot;reveal_mode&quot;:&quot;masked&quot;,&quot;reveal_direction&quot;:&quot;lr&quot;,&quot;reveal_speed&quot;:{&quot;unit&quot;:&quot;px&quot;,&quot;size&quot;:1,&quot;sizes&quot;:[]},&quot;reveal_delay&quot;:{&quot;unit&quot;:&quot;px&quot;,&quot;size&quot;:0,&quot;sizes&quot;:[]},&quot;equation&quot;:&quot;power4&quot;,&quot;ease&quot;:&quot;inOut&quot;}\" data-widget_type=\"text-editor.default\">\n\t\t\t\t<div class=\"elementor-widget-container\">\n\t\t\t\t\t<div class=\"e-add-revealextension-9020b41 e-add-revealextension e-add-revealextension-type-masked\" style=\"visibility:hidden;\">\t\t\t\t<p>Subscriu-te a la nostra newsletter per estar al dia de totes les novetats i esdeveniments.<\/p>\n\t\t\t\t<\/div>\t\t\t\t<\/div>\n\t\t\t\t<\/div>\n\t\t\t\t<div class=\"elementor-element elementor-element-87504a1 elementor-widget elementor-widget-html\" data-id=\"87504a1\" data-element_type=\"widget\" data-widget_type=\"html.default\">\n\t\t\t\t<div class=\"elementor-widget-container\">\n\t\t\t\t\t<div id=\"mc_embed_shell\">\n  \n<div id=\"mc_embed_signup\">\n    <form action=\"https:\/\/allthose.us12.list-manage.com\/subscribe\/post?u=9b3c0cbb972703555842cc8ee&amp;id=802369b7fd&amp;v_id=7030&amp;f_id=007657e6f0\" method=\"post\" id=\"mc-embedded-subscribe-form\" name=\"mc-embedded-subscribe-form\" class=\"validate\" target=\"_self\" novalidate=\"\">\n        <div id=\"mc_embed_signup_scroll\">\n            \n            <div class=\"mc-field-group\"><label for=\"mce-EMAIL\">Email <span class=\"asterisk\">*<\/span><\/label><input type=\"email\" name=\"EMAIL\" class=\"required email\" id=\"mce-EMAIL\" required=\"\" value=\"\"><\/div><div class=\"mc-field-group\"><label for=\"mce-FNAME\">Nom <\/label><input type=\"text\" name=\"FNAME\" class=\" text\" id=\"mce-FNAME\" value=\"\"><\/div><div class=\"mc-field-group\"><label for=\"mce-LNAME\">Cognoms <\/label><input type=\"text\" name=\"LNAME\" class=\" text\" id=\"mce-LNAME\" value=\"\"><\/div><div class=\"mc-field-group\"><label for=\"mce-MMERGE3\">Ciutat <\/label><input type=\"text\" name=\"MMERGE3\" class=\" text\" id=\"mce-MMERGE3\" value=\"\"><\/div><div id=\"mergeRow-gdpr\" class=\"mergeRow gdpr-mergeRow content__gdprBlock mc-field-group\"><div class=\"content__gdpr\"><br><label>Permissos de m\u00e0rqueting<\/label><br><br><p>All Those utilitzar\u00e0 la informaci\u00f3 que proporcionis en aquest formulari per mantenir-se en contacte amb tu i oferir-te actualitzacions i m\u00e0rqueting. Si us plau, indica'ns totes les formes en qu\u00e8 t'agradaria rebre not\u00edcies de nosaltres: <\/p><fieldset class=\"mc_fieldset gdprRequired mc-field-group\" name=\"interestgroup_field\"><label class=\"checkbox subfield\" for=\"gdpr10725\"><input type=\"checkbox\" id=\"gdpr_10725\" name=\"gdpr[10725]\" class=\"gdpr\" value=\"Y\"><span>Email<\/span><\/label><label class=\"checkbox subfield\" for=\"gdpr10729\"><input type=\"checkbox\" id=\"gdpr_10729\" name=\"gdpr[10729]\" class=\"gdpr\" value=\"Y\"><span>Email directe<\/span><\/label><label class=\"checkbox subfield\" for=\"gdpr10733\"><input type=\"checkbox\" id=\"gdpr_10733\" name=\"gdpr[10733]\" class=\"gdpr\" value=\"Y\"><span>Publicitat en l\u00ednia personalitzada.<\/span><\/label><\/fieldset><p>Pots canviar d'opini\u00f3 en qualsevol moment utilitzant l'enlla\u00e7 per donar-te de baixa dels nostres correus o escrivint a hello@course.annafranques.com. Per a m\u00e9s detalls, visita la nostra web. En fer clic, acceptes l'\u00fas de la teva informaci\u00f3 segons aquests termes.  <\/p><\/div><\/div>\n        <div id=\"mce-responses\" class=\"clear\">\n            <div class=\"response\" id=\"mce-error-response\" style=\"display: none;\"><\/div>\n            <div class=\"response\" id=\"mce-success-response\" style=\"display: none;\"><\/div>\n        <\/div><div aria-hidden=\"true\" style=\"position: absolute; left: -5000px;\"><input type=\"text\" name=\"b_9b3c0cbb972703555842cc8ee_802369b7fd\" tabindex=\"-1\" value=\"\"><\/div><div class=\"clear\"><input type=\"submit\" name=\"subscribe\" id=\"mc-embedded-subscribe\" class=\"button\" value=\"Subscriure's\"><\/div>\n    <\/div>\n<\/form>\n<\/div>\n<\/div>\n\t\t\t\t<\/div>\n\t\t\t\t<\/div>\n\t\t\t\t<\/div>\n\t\t\t\t<\/div>\n\t\t\t\t<\/div>\n\t\t","protected":false},"excerpt":{"rendered":"<p>Subscriu-te a la nostra newsletter per estar al dia de totes les novetats i esdeveniments. Email *Nom Cognoms Ciutat Permissos de m\u00e0rqueting All Those utilitzar\u00e0 la informaci\u00f3 que proporcionis en aquest formulari per mantenir-se en contacte amb tu i oferir-te actualitzacions i m\u00e0rqueting. Si us plau, indica&#8217;ns totes les formes en qu\u00e8 t&#8217;agradaria rebre not\u00edcies [&hellip;]<\/p>\n","protected":false},"author":1,"featured_media":0,"parent":0,"menu_order":0,"comment_status":"closed","ping_status":"closed","template":"elementor_header_footer","meta":{"footnotes":""},"class_list":["post-3831","page","type-page","status-publish","hentry"],"acf":[],"yoast_head":"<!-- This site is optimized with the Yoast SEO plugin v26.3 - https:\/\/yoast.com\/wordpress\/plugins\/seo\/ -->\n<title>Newsletter - All Those Market<\/title>\n<meta name=\"description\" content=\"Entra a la comunitat de totes les persones amants de la gastronomia. Sempre al dia dels nostres pr\u00f2xims esdeveniments.\" \/>\n<meta name=\"robots\" content=\"index, follow, max-snippet:-1, max-image-preview:large, max-video-preview:-1\" \/>\n<link rel=\"canonical\" href=\"https:\/\/allthose.org\/ca\/newsletter-2\/\" \/>\n<meta property=\"og:locale\" content=\"ca_ES\" \/>\n<meta property=\"og:type\" content=\"article\" \/>\n<meta property=\"og:title\" content=\"Newsletter - All Those Market\" \/>\n<meta property=\"og:description\" content=\"Entra a la comunitat de totes les persones amants de la gastronomia. Sempre al dia dels nostres pr\u00f2xims esdeveniments.\" \/>\n<meta property=\"og:url\" content=\"https:\/\/allthose.org\/ca\/newsletter-2\/\" \/>\n<meta property=\"og:site_name\" content=\"All Those Market\" \/>\n<meta property=\"article:modified_time\" content=\"2025-02-12T15:30:18+00:00\" \/>\n<meta name=\"twitter:card\" content=\"summary_large_image\" \/>\n<meta name=\"twitter:label1\" content=\"Temps estimat de lectura\" \/>\n\t<meta name=\"twitter:data1\" content=\"1 minut\" \/>\n<script type=\"application\/ld+json\" class=\"yoast-schema-graph\">{\"@context\":\"https:\/\/schema.org\",\"@graph\":[{\"@type\":\"WebPage\",\"@id\":\"https:\/\/allthose.org\/ca\/newsletter-2\/\",\"url\":\"https:\/\/allthose.org\/ca\/newsletter-2\/\",\"name\":\"Newsletter - All Those Market\",\"isPartOf\":{\"@id\":\"https:\/\/allthose.org\/#website\"},\"datePublished\":\"2024-03-07T06:18:32+00:00\",\"dateModified\":\"2025-02-12T15:30:18+00:00\",\"description\":\"Entra a la comunitat de totes les persones amants de la gastronomia. Sempre al dia dels nostres pr\u00f2xims esdeveniments.\",\"breadcrumb\":{\"@id\":\"https:\/\/allthose.org\/ca\/newsletter-2\/#breadcrumb\"},\"inLanguage\":\"ca\",\"potentialAction\":[{\"@type\":\"ReadAction\",\"target\":[\"https:\/\/allthose.org\/ca\/newsletter-2\/\"]}]},{\"@type\":\"BreadcrumbList\",\"@id\":\"https:\/\/allthose.org\/ca\/newsletter-2\/#breadcrumb\",\"itemListElement\":[{\"@type\":\"ListItem\",\"position\":1,\"name\":\"Home\",\"item\":\"https:\/\/allthose.org\/ca\/\"},{\"@type\":\"ListItem\",\"position\":2,\"name\":\"Newsletter\"}]},{\"@type\":\"WebSite\",\"@id\":\"https:\/\/allthose.org\/#website\",\"url\":\"https:\/\/allthose.org\/\",\"name\":\"All Those Market\",\"description\":\"\",\"potentialAction\":[{\"@type\":\"SearchAction\",\"target\":{\"@type\":\"EntryPoint\",\"urlTemplate\":\"https:\/\/allthose.org\/?s={search_term_string}\"},\"query-input\":{\"@type\":\"PropertyValueSpecification\",\"valueRequired\":true,\"valueName\":\"search_term_string\"}}],\"inLanguage\":\"ca\"}]}<\/script>\n<!-- \/ Yoast SEO plugin. -->","yoast_head_json":{"title":"Newsletter - All Those Market","description":"Entra a la comunitat de totes les persones amants de la gastronomia. Sempre al dia dels nostres pr\u00f2xims esdeveniments.","robots":{"index":"index","follow":"follow","max-snippet":"max-snippet:-1","max-image-preview":"max-image-preview:large","max-video-preview":"max-video-preview:-1"},"canonical":"https:\/\/allthose.org\/ca\/newsletter-2\/","og_locale":"ca_ES","og_type":"article","og_title":"Newsletter - All Those Market","og_description":"Entra a la comunitat de totes les persones amants de la gastronomia. Sempre al dia dels nostres pr\u00f2xims esdeveniments.","og_url":"https:\/\/allthose.org\/ca\/newsletter-2\/","og_site_name":"All Those Market","article_modified_time":"2025-02-12T15:30:18+00:00","twitter_card":"summary_large_image","twitter_misc":{"Temps estimat de lectura":"1 minut"},"schema":{"@context":"https:\/\/schema.org","@graph":[{"@type":"WebPage","@id":"https:\/\/allthose.org\/ca\/newsletter-2\/","url":"https:\/\/allthose.org\/ca\/newsletter-2\/","name":"Newsletter - All Those Market","isPartOf":{"@id":"https:\/\/allthose.org\/#website"},"datePublished":"2024-03-07T06:18:32+00:00","dateModified":"2025-02-12T15:30:18+00:00","description":"Entra a la comunitat de totes les persones amants de la gastronomia. Sempre al dia dels nostres pr\u00f2xims esdeveniments.","breadcrumb":{"@id":"https:\/\/allthose.org\/ca\/newsletter-2\/#breadcrumb"},"inLanguage":"ca","potentialAction":[{"@type":"ReadAction","target":["https:\/\/allthose.org\/ca\/newsletter-2\/"]}]},{"@type":"BreadcrumbList","@id":"https:\/\/allthose.org\/ca\/newsletter-2\/#breadcrumb","itemListElement":[{"@type":"ListItem","position":1,"name":"Home","item":"https:\/\/allthose.org\/ca\/"},{"@type":"ListItem","position":2,"name":"Newsletter"}]},{"@type":"WebSite","@id":"https:\/\/allthose.org\/#website","url":"https:\/\/allthose.org\/","name":"All Those Market","description":"","potentialAction":[{"@type":"SearchAction","target":{"@type":"EntryPoint","urlTemplate":"https:\/\/allthose.org\/?s={search_term_string}"},"query-input":{"@type":"PropertyValueSpecification","valueRequired":true,"valueName":"search_term_string"}}],"inLanguage":"ca"}]}},"_links":{"self":[{"href":"https:\/\/allthose.org\/ca\/wp-json\/wp\/v2\/pages\/3831","targetHints":{"allow":["GET"]}}],"collection":[{"href":"https:\/\/allthose.org\/ca\/wp-json\/wp\/v2\/pages"}],"about":[{"href":"https:\/\/allthose.org\/ca\/wp-json\/wp\/v2\/types\/page"}],"author":[{"embeddable":true,"href":"https:\/\/allthose.org\/ca\/wp-json\/wp\/v2\/users\/1"}],"replies":[{"embeddable":true,"href":"https:\/\/allthose.org\/ca\/wp-json\/wp\/v2\/comments?post=3831"}],"version-history":[{"count":3,"href":"https:\/\/allthose.org\/ca\/wp-json\/wp\/v2\/pages\/3831\/revisions"}],"predecessor-version":[{"id":3935,"href":"https:\/\/allthose.org\/ca\/wp-json\/wp\/v2\/pages\/3831\/revisions\/3935"}],"wp:attachment":[{"href":"https:\/\/allthose.org\/ca\/wp-json\/wp\/v2\/media?parent=3831"}],"curies":[{"name":"wp","href":"https:\/\/api.w.org\/{rel}","templated":true}]}}