{"id":3827,"date":"2024-03-07T05:01:42","date_gmt":"2024-03-07T05:01:42","guid":{"rendered":"https:\/\/allthose.org\/politica-de-privacitat\/"},"modified":"2025-02-11T16:17:27","modified_gmt":"2025-02-11T16:17:27","slug":"politica-de-privacitat","status":"publish","type":"page","link":"https:\/\/allthose.org\/ca\/politica-de-privacitat\/","title":{"rendered":"Pol\u00edtica de Privacitat"},"content":{"rendered":"\t\t<div data-elementor-type=\"wp-page\" data-elementor-id=\"3827\" class=\"elementor elementor-3827 elementor-3\" data-elementor-post-type=\"page\">\n\t\t\t\t<div class=\"elementor-element elementor-element-594e5a79 e-con-full e-flex e-con e-parent\" data-id=\"594e5a79\" data-element_type=\"container\">\n\t\t\t\t<div class=\"elementor-element elementor-element-4a53a08c elementor-widget__width-initial elementor-widget elementor-widget-text-editor\" data-id=\"4a53a08c\" data-element_type=\"widget\" data-widget_type=\"text-editor.default\">\n\t\t\t\t<div class=\"elementor-widget-container\">\n\t\t\t\t\t\t\t\t\t\n<h2><strong>Pol\u00edtica de privacitat<\/strong><\/h2>\n<p><strong>QUI SOM<\/strong><\/p>\n<p>L&#8217;adre\u00e7a del nostre web \u00e9s: https:\/\/allthose.org\/ <\/p>\n<p><strong>COMENTARIS<\/strong><\/p>\n<p>Quan els visitants deixen comentaris a la web, recopilem les dades que es mostren al formulari de comentaris, aix\u00ed com l&#8217;adre\u00e7a IP del visitant i la cadena d&#8217;agents d&#8217;usuari del navegador per ajudar a la detecci\u00f3 de correu brossa.<\/p>\n<p>Una cadena an\u00f2nima creada a partir de la teva adre\u00e7a de correu electr\u00f2nic (tamb\u00e9 anomenada hash) pot ser proporcionada al servei de Gravatar per veure si l&#8217;est\u00e0s utilitzant. La pol\u00edtica de privacitat del servei Gravatar est\u00e0 disponible aqu\u00ed: <a href=\"https:\/\/automattic.com\/privacy\/\">https:\/\/automattic.com\/privacy\/<\/a>. Despr\u00e9s de l&#8217;aprovaci\u00f3 del teu comentari, la imatge del teu perfil ser\u00e0 visible per al p\u00fablic en el context del teu comentari.  <\/p>\n<p><strong>MEDIS<\/strong><\/p>\n<p>Si puges imatges a la web, hauries d&#8217;evitar pujar imatges amb dades de geolocalitzaci\u00f3 (GPS EXIF) incloses. Els visitants de la web poden descarregar i extreure qualsevol dada de geolocalitzaci\u00f3 de les imatges. <\/p>\n<p><strong>COOKIES<\/strong><\/p>\n<p>Si deixes un comentari al nostre lloc, pots triar desar el teu nom, adre\u00e7a de correu electr\u00f2nic i web en cookies. Aix\u00f2 \u00e9s per a la teva comoditat, perqu\u00e8 no hagis de tornar a omplir les teves dades quan deixis un altre comentari. Aquestes cookies tindran una durada d&#8217;un any.  <\/p>\n<p>Si tens un compte i et connectes a aquest lloc, instal\u00b7larem una cookie temporal per determinar si el teu navegador accepta cookies. Aquesta cookie no cont\u00e9 dades personals i s&#8217;elimina en tancar el navegador. <\/p>\n<p>Quan accedeixis, tamb\u00e9 instal\u00b7larem diverses cookies per desar la teva informaci\u00f3 d&#8217;acc\u00e9s i les teves opcions de visualitzaci\u00f3 de pantalla. Les cookies d&#8217;acc\u00e9s duren dos dies, i les cookies d&#8217;opcions de pantalla duren un any. Si selecciones \u00abRecorda&#8217;m\u00bb, el teu acc\u00e9s perdurar\u00e0 durant dues setmanes. Si surts del teu compte, les cookies d&#8217;acc\u00e9s s&#8217;eliminaran.   <\/p>\n<p>Si edites o publiques un article, es guardar\u00e0 una cookie addicional al teu navegador. Aquesta cookie no inclou dades personals i simplement indica l&#8217;ID de l&#8217;article que acabes d&#8217;editar. Caduca despr\u00e9s d&#8217;1 dia.  <\/p>\n<p><strong>CONTINGUT INCRUSTAT D&#8217;ALTRES LLOCS WEB<\/strong><\/p>\n<p>Els articles d&#8217;aquest lloc poden incloure contingut incrustat (per exemple, v\u00eddeos, imatges, articles, etc.). El contingut incrustat d&#8217;altres webs es comporta exactament de la mateixa manera que si el visitant hagu\u00e9s visitat l&#8217;altra web. <\/p>\n<p>Aquestes webs poden recopilar dades sobre tu, utilitzar cookies, incrustar un seguiment addicional de tercers, i supervisar la teva interacci\u00f3 amb aquest contingut incrustat, incl\u00f2s el seguiment de la teva interacci\u00f3 amb el contingut incrustat si tens un compte i est\u00e0s connectat a aquesta web.<\/p>\n<p><strong>AMB QUI COMPARTIM LES TEVES DADES<\/strong><\/p>\n<p>Si sol\u00b7licites un restabliment de contrasenya, la teva adre\u00e7a IP ser\u00e0 inclosa al correu electr\u00f2nic de restabliment.<\/p>\n<p><strong>QUANT DE TEMPS CONSERVEM LES TEVES DADES<\/strong><\/p>\n<p>Si deixes un comentari, el comentari i les seves metadades es conserven indefinidament. Aix\u00f2 \u00e9s perqu\u00e8 puguem recon\u00e8ixer i aprovar els comentaris successius autom\u00e0ticament, en lloc de mantenir-los en una cua de moderaci\u00f3. <\/p>\n<p>Dels usuaris que es registren a la nostra web (si n&#8217;hi ha), tamb\u00e9 emmagatzemem la informaci\u00f3 personal que proporcionen al seu perfil d&#8217;usuari. Tots els usuaris poden veure, editar o eliminar la seva informaci\u00f3 personal en qualsevol moment (excepte que no poden canviar el seu nom d&#8217;usuari). Els administradors de la web tamb\u00e9 poden veure i editar aquesta informaci\u00f3.  <\/p>\n<p><strong>QUINS DRETS TENS SOBRE LES TEVES DADES<\/strong><\/p>\n<p>Si tens un compte o has deixat comentaris a aquesta web, pots sol\u00b7licitar rebre un arxiu d&#8217;exportaci\u00f3 de les dades personals que tenim sobre tu, incloent qualsevol dada que ens hagis proporcionat. Tamb\u00e9 pots sol\u00b7licitar que eliminem qualsevol dada personal que tinguem sobre tu. Aix\u00f2 no inclou cap dada que estiguem obligats a conservar amb finalitats administratives, legals o de seguretat.  <\/p>\n<p><strong>ON S&#8217;ENVIEN LES TEVES DADES<\/strong><\/p>\n<p>Els comentaris dels visitants poden ser revisats per un servei de detecci\u00f3 autom\u00e0tica de correu brossa.<\/p>\n<h2><\/h2>\n\t\t\t\t\t\t\t\t<\/div>\n\t\t\t\t<\/div>\n\t\t\t\t<\/div>\n\t\t\t\t<\/div>\n\t\t","protected":false},"excerpt":{"rendered":"<p>Pol\u00edtica de privacitat QUI SOM L&#8217;adre\u00e7a del nostre web \u00e9s: https:\/\/allthose.org\/ COMENTARIS Quan els visitants deixen comentaris a la web, recopilem les dades que es mostren al formulari de comentaris, aix\u00ed com l&#8217;adre\u00e7a IP del visitant i la cadena d&#8217;agents d&#8217;usuari del navegador per ajudar a la detecci\u00f3 de correu brossa. Una cadena an\u00f2nima creada [&hellip;]<\/p>\n","protected":false},"author":1,"featured_media":0,"parent":0,"menu_order":0,"comment_status":"closed","ping_status":"closed","template":"","meta":{"footnotes":""},"class_list":["post-3827","page","type-page","status-publish","hentry"],"acf":[],"yoast_head":"<!-- This site is optimized with the Yoast SEO plugin v26.3 - https:\/\/yoast.com\/wordpress\/plugins\/seo\/ -->\n<title>Pol\u00edtica de Privacitat - All Those Market<\/title>\n<meta name=\"robots\" content=\"index, follow, max-snippet:-1, max-image-preview:large, max-video-preview:-1\" \/>\n<link rel=\"canonical\" href=\"https:\/\/allthose.org\/ca\/politica-de-privacitat\/\" \/>\n<meta property=\"og:locale\" content=\"ca_ES\" \/>\n<meta property=\"og:type\" content=\"article\" \/>\n<meta property=\"og:title\" content=\"Pol\u00edtica de Privacitat - All Those Market\" \/>\n<meta property=\"og:description\" content=\"Pol\u00edtica de privacitat QUI SOM L&#8217;adre\u00e7a del nostre web \u00e9s: https:\/\/allthose.org\/ COMENTARIS Quan els visitants deixen comentaris a la web, recopilem les dades que es mostren al formulari de comentaris, aix\u00ed com l&#8217;adre\u00e7a IP del visitant i la cadena d&#8217;agents d&#8217;usuari del navegador per ajudar a la detecci\u00f3 de correu brossa. Una cadena an\u00f2nima creada [&hellip;]\" \/>\n<meta property=\"og:url\" content=\"https:\/\/allthose.org\/ca\/politica-de-privacitat\/\" \/>\n<meta property=\"og:site_name\" content=\"All Those Market\" \/>\n<meta property=\"article:modified_time\" content=\"2025-02-11T16:17:27+00:00\" \/>\n<meta name=\"twitter:card\" content=\"summary_large_image\" \/>\n<meta name=\"twitter:label1\" content=\"Temps estimat de lectura\" \/>\n\t<meta name=\"twitter:data1\" content=\"3 minuts\" \/>\n<script type=\"application\/ld+json\" class=\"yoast-schema-graph\">{\"@context\":\"https:\/\/schema.org\",\"@graph\":[{\"@type\":\"WebPage\",\"@id\":\"https:\/\/allthose.org\/ca\/politica-de-privacitat\/\",\"url\":\"https:\/\/allthose.org\/ca\/politica-de-privacitat\/\",\"name\":\"Pol\u00edtica de Privacitat - All Those Market\",\"isPartOf\":{\"@id\":\"https:\/\/allthose.org\/#website\"},\"datePublished\":\"2024-03-07T05:01:42+00:00\",\"dateModified\":\"2025-02-11T16:17:27+00:00\",\"breadcrumb\":{\"@id\":\"https:\/\/allthose.org\/ca\/politica-de-privacitat\/#breadcrumb\"},\"inLanguage\":\"ca\",\"potentialAction\":[{\"@type\":\"ReadAction\",\"target\":[\"https:\/\/allthose.org\/ca\/politica-de-privacitat\/\"]}]},{\"@type\":\"BreadcrumbList\",\"@id\":\"https:\/\/allthose.org\/ca\/politica-de-privacitat\/#breadcrumb\",\"itemListElement\":[{\"@type\":\"ListItem\",\"position\":1,\"name\":\"Home\",\"item\":\"https:\/\/allthose.org\/ca\/\"},{\"@type\":\"ListItem\",\"position\":2,\"name\":\"Pol\u00edtica de Privacitat\"}]},{\"@type\":\"WebSite\",\"@id\":\"https:\/\/allthose.org\/#website\",\"url\":\"https:\/\/allthose.org\/\",\"name\":\"All Those Market\",\"description\":\"\",\"potentialAction\":[{\"@type\":\"SearchAction\",\"target\":{\"@type\":\"EntryPoint\",\"urlTemplate\":\"https:\/\/allthose.org\/?s={search_term_string}\"},\"query-input\":{\"@type\":\"PropertyValueSpecification\",\"valueRequired\":true,\"valueName\":\"search_term_string\"}}],\"inLanguage\":\"ca\"}]}<\/script>\n<!-- \/ Yoast SEO plugin. -->","yoast_head_json":{"title":"Pol\u00edtica de Privacitat - All Those Market","robots":{"index":"index","follow":"follow","max-snippet":"max-snippet:-1","max-image-preview":"max-image-preview:large","max-video-preview":"max-video-preview:-1"},"canonical":"https:\/\/allthose.org\/ca\/politica-de-privacitat\/","og_locale":"ca_ES","og_type":"article","og_title":"Pol\u00edtica de Privacitat - All Those Market","og_description":"Pol\u00edtica de privacitat QUI SOM L&#8217;adre\u00e7a del nostre web \u00e9s: https:\/\/allthose.org\/ COMENTARIS Quan els visitants deixen comentaris a la web, recopilem les dades que es mostren al formulari de comentaris, aix\u00ed com l&#8217;adre\u00e7a IP del visitant i la cadena d&#8217;agents d&#8217;usuari del navegador per ajudar a la detecci\u00f3 de correu brossa. Una cadena an\u00f2nima creada [&hellip;]","og_url":"https:\/\/allthose.org\/ca\/politica-de-privacitat\/","og_site_name":"All Those Market","article_modified_time":"2025-02-11T16:17:27+00:00","twitter_card":"summary_large_image","twitter_misc":{"Temps estimat de lectura":"3 minuts"},"schema":{"@context":"https:\/\/schema.org","@graph":[{"@type":"WebPage","@id":"https:\/\/allthose.org\/ca\/politica-de-privacitat\/","url":"https:\/\/allthose.org\/ca\/politica-de-privacitat\/","name":"Pol\u00edtica de Privacitat - All Those Market","isPartOf":{"@id":"https:\/\/allthose.org\/#website"},"datePublished":"2024-03-07T05:01:42+00:00","dateModified":"2025-02-11T16:17:27+00:00","breadcrumb":{"@id":"https:\/\/allthose.org\/ca\/politica-de-privacitat\/#breadcrumb"},"inLanguage":"ca","potentialAction":[{"@type":"ReadAction","target":["https:\/\/allthose.org\/ca\/politica-de-privacitat\/"]}]},{"@type":"BreadcrumbList","@id":"https:\/\/allthose.org\/ca\/politica-de-privacitat\/#breadcrumb","itemListElement":[{"@type":"ListItem","position":1,"name":"Home","item":"https:\/\/allthose.org\/ca\/"},{"@type":"ListItem","position":2,"name":"Pol\u00edtica de Privacitat"}]},{"@type":"WebSite","@id":"https:\/\/allthose.org\/#website","url":"https:\/\/allthose.org\/","name":"All Those Market","description":"","potentialAction":[{"@type":"SearchAction","target":{"@type":"EntryPoint","urlTemplate":"https:\/\/allthose.org\/?s={search_term_string}"},"query-input":{"@type":"PropertyValueSpecification","valueRequired":true,"valueName":"search_term_string"}}],"inLanguage":"ca"}]}},"_links":{"self":[{"href":"https:\/\/allthose.org\/ca\/wp-json\/wp\/v2\/pages\/3827","targetHints":{"allow":["GET"]}}],"collection":[{"href":"https:\/\/allthose.org\/ca\/wp-json\/wp\/v2\/pages"}],"about":[{"href":"https:\/\/allthose.org\/ca\/wp-json\/wp\/v2\/types\/page"}],"author":[{"embeddable":true,"href":"https:\/\/allthose.org\/ca\/wp-json\/wp\/v2\/users\/1"}],"replies":[{"embeddable":true,"href":"https:\/\/allthose.org\/ca\/wp-json\/wp\/v2\/comments?post=3827"}],"version-history":[{"count":3,"href":"https:\/\/allthose.org\/ca\/wp-json\/wp\/v2\/pages\/3827\/revisions"}],"predecessor-version":[{"id":3830,"href":"https:\/\/allthose.org\/ca\/wp-json\/wp\/v2\/pages\/3827\/revisions\/3830"}],"wp:attachment":[{"href":"https:\/\/allthose.org\/ca\/wp-json\/wp\/v2\/media?parent=3827"}],"curies":[{"name":"wp","href":"https:\/\/api.w.org\/{rel}","templated":true}]}}