{"id":3740,"date":"2024-03-12T01:19:45","date_gmt":"2024-03-12T01:19:45","guid":{"rendered":"https:\/\/allthose.org\/sobre-nosaltres\/"},"modified":"2025-03-04T10:44:59","modified_gmt":"2025-03-04T10:44:59","slug":"sobre-nosaltres","status":"publish","type":"page","link":"https:\/\/allthose.org\/ca\/sobre-nosaltres\/","title":{"rendered":"Sobre nosaltres"},"content":{"rendered":"\t\t<div data-elementor-type=\"wp-page\" data-elementor-id=\"3740\" class=\"elementor elementor-3740 elementor-120\" data-elementor-post-type=\"page\">\n\t\t\t\t<div class=\"elementor-element elementor-element-42be5f2 e-con-full e-flex e-con e-parent\" data-id=\"42be5f2\" data-element_type=\"container\">\n\t\t<div class=\"elementor-element elementor-element-d27116c e-flex e-con-boxed e-con e-child\" data-id=\"d27116c\" data-element_type=\"container\">\n\t\t\t\t\t<div class=\"e-con-inner\">\n\t\t\t\t\t<\/div>\n\t\t\t\t<\/div>\n\t\t\t\t<div class=\"elementor-element elementor-element-3329907 elementor-widget__width-initial elementor-widget-mobile__width-inherit elementor-widget elementor-widget-text-editor\" data-id=\"3329907\" data-element_type=\"widget\" data-widget_type=\"text-editor.default\">\n\t\t\t\t<div class=\"elementor-widget-container\">\n\t\t\t\t\t\t\t\t\t<p>All Those s\u00f3n totes aquelles persones apassionades pel menjar: <strong>emprenedors, artesans, cuiners, productors i entusiastes que contribueixen a millorar les seves comunitats a trav\u00e9s de la gastronomia.<\/strong><\/p>\n<p style=\"font-weight: 400;\">Volem fomentar una major sensibilitat i consci\u00e8ncia en relaci\u00f3 amb el menjar i, alhora, ens agradaria inspirar i encoratjar m\u00e9s persones a perseguir el seu somni i emprendre el seu projecte gastron\u00f2mic.<\/p>\n<p>L&#8217;objectiu d&#8217;All Those \u00e9s connectar i <strong>treballar amb persones afins als nostres valors<\/strong> per aconseguir que la comunitat creixi.<\/p>\n<p style=\"font-weight: 400;\">All Those neix el 2014 quan, despr\u00e9s de diversos anys vivint i treballant a Mont-real, Nova York i Berl\u00edn, la Viqui Sanglas i en Santi Garc\u00eda decideixen tornar a Barcelona per emprendre el seu propi negoci. Va ser en aquestes ciutats on van descobrir el seu <strong>entusiasme pels projectes artesans de petits emprenedors i, en general, per <em>totes aquelles<\/em> persones apassionades i especialitzades en els seus projectes gastron\u00f2mics.<\/strong>  <\/p>\n<p style=\"font-weight: 400;\">Per aix\u00f2, <strong>decideixen crear una plataforma per donar-los veu<\/strong> i, en paral\u00b7lel, un festival per reunir-los, posar-los en valor i ajudar-los a donar-se a con\u00e8ixer i impulsar els seus negocis. Aix\u00ed neix <strong>All Those Food Market, un festival itinerant que se celebra a Barcelona des de fa m\u00e9s de 10 anys<\/strong> i que reuneix en un mateix espai artesans i emprenedors gastron\u00f2mics en un ambient festiu i familiar. <\/p>\n<p style=\"font-weight: 400;\">ATFM va celebrar les seves primeres edicions a l\u2019edifici hist\u00f2ric de la Universitat de Barcelona i, des de llavors, ha recorregut espais tan emblem\u00e0tics de la ciutat com el Seminari Conciliar, el Museu Mar\u00edtim, el Teatre Nacional de Catalunya o el Moll de la Fusta. <\/p>\n<p style=\"font-weight: 400;\"><span style=\"font-weight: 400;\">A m\u00e9s d&#8217;organitzar All Those Food Market, All Those \u00e9s una productora que organitza esdeveniments de tota mena, tant propis com per a tercers. <\/span><\/p>\n\t\t\t\t\t\t\t\t<\/div>\n\t\t\t\t<\/div>\n\t\t\t\t<div class=\"elementor-element elementor-element-71a9af1 elementor-widget elementor-widget-text-editor\" data-id=\"71a9af1\" data-element_type=\"widget\" data-widget_type=\"text-editor.default\">\n\t\t\t\t<div class=\"elementor-widget-container\">\n\t\t\t\t\t\t\t\t\t<p>Segueix descobrint All Those Food Market<\/p><\/p>\n\t\t\t\t\t\t\t\t<\/div>\n\t\t\t\t<\/div>\n\t\t\t\t<\/div>\n\t\t<div class=\"elementor-element elementor-element-5b24f08 e-con-full e-flex e-con e-parent\" data-id=\"5b24f08\" data-element_type=\"container\">\n\t\t\t\t<div class=\"elementor-element elementor-element-7c78d54 elementor-pagination-position-inside carousel elementor-widget elementor-widget-image-carousel\" data-id=\"7c78d54\" data-element_type=\"widget\" data-settings=\"{&quot;slides_to_show&quot;:&quot;2&quot;,&quot;navigation&quot;:&quot;dots&quot;,&quot;autoplay&quot;:&quot;yes&quot;,&quot;pause_on_interaction&quot;:&quot;yes&quot;,&quot;autoplay_speed&quot;:5000,&quot;infinite&quot;:&quot;yes&quot;,&quot;speed&quot;:500}\" data-widget_type=\"image-carousel.default\">\n\t\t\t\t<div class=\"elementor-widget-container\">\n\t\t\t\t\t\t\t<div class=\"elementor-image-carousel-wrapper swiper\" role=\"region\" aria-roledescription=\"carousel\" aria-label=\"Carrusel de im\u00e1genes\" dir=\"ltr\">\n\t\t\t<div class=\"elementor-image-carousel swiper-wrapper swiper-image-stretch\" aria-live=\"off\">\n\t\t\t\t\t\t\t\t<div class=\"swiper-slide\" role=\"group\" aria-roledescription=\"slide\" aria-label=\"1 de 10\"><figure class=\"swiper-slide-inner\"><img decoding=\"async\" class=\"swiper-slide-image\" src=\"https:\/\/allthose.org\/wp-content\/uploads\/2025\/01\/AT_ViquiSanti_nov23-02-1-scaled.jpg\" alt=\"AT_ViquiSanti_nov23-02\" \/><\/figure><\/div><div class=\"swiper-slide\" role=\"group\" aria-roledescription=\"slide\" aria-label=\"2 de 10\"><figure class=\"swiper-slide-inner\"><img decoding=\"async\" class=\"swiper-slide-image\" src=\"https:\/\/allthose.org\/wp-content\/uploads\/2024\/12\/2.-SilviaGilRoldan-Large.jpeg\" alt=\"2.-SilviaGilRolda\u0301n Large\" \/><\/figure><\/div><div class=\"swiper-slide\" role=\"group\" aria-roledescription=\"slide\" aria-label=\"3 de 10\"><figure class=\"swiper-slide-inner\"><img decoding=\"async\" class=\"swiper-slide-image\" src=\"https:\/\/allthose.org\/wp-content\/uploads\/2024\/12\/6.-SilviaGilRoldan-Large.jpeg\" alt=\"6.-SilviaGilRolda\u0301n Large\" \/><\/figure><\/div><div class=\"swiper-slide\" role=\"group\" aria-roledescription=\"slide\" aria-label=\"4 de 10\"><figure class=\"swiper-slide-inner\"><img decoding=\"async\" class=\"swiper-slide-image\" src=\"https:\/\/allthose.org\/wp-content\/uploads\/2024\/12\/5.-Yosigo-Large.jpeg\" alt=\"5.-Yosigo Large\" \/><\/figure><\/div><div class=\"swiper-slide\" role=\"group\" aria-roledescription=\"slide\" aria-label=\"5 de 10\"><figure class=\"swiper-slide-inner\"><img decoding=\"async\" class=\"swiper-slide-image\" src=\"https:\/\/allthose.org\/wp-content\/uploads\/2024\/12\/4.-Yosigo-Large.jpeg\" alt=\"4.-Yosigo Large\" \/><\/figure><\/div><div class=\"swiper-slide\" role=\"group\" aria-roledescription=\"slide\" aria-label=\"6 de 10\"><figure class=\"swiper-slide-inner\"><img decoding=\"async\" class=\"swiper-slide-image\" src=\"https:\/\/allthose.org\/wp-content\/uploads\/2024\/12\/3.-SalvaLopez-Large.jpeg\" alt=\"3.-SalvaLo\u0301pez Large\" \/><\/figure><\/div><div class=\"swiper-slide\" role=\"group\" aria-roledescription=\"slide\" aria-label=\"7 de 10\"><figure class=\"swiper-slide-inner\"><img decoding=\"async\" class=\"swiper-slide-image\" src=\"https:\/\/allthose.org\/wp-content\/uploads\/2024\/12\/7.-IrisHumm-Large.jpeg\" alt=\"7.-IrisHumm Large\" \/><\/figure><\/div><div class=\"swiper-slide\" role=\"group\" aria-roledescription=\"slide\" aria-label=\"8 de 10\"><figure class=\"swiper-slide-inner\"><img decoding=\"async\" class=\"swiper-slide-image\" src=\"https:\/\/allthose.org\/wp-content\/uploads\/2024\/12\/9.-IrisHumm-Large.jpeg\" alt=\"9.-IrisHumm Large\" \/><\/figure><\/div><div class=\"swiper-slide\" role=\"group\" aria-roledescription=\"slide\" aria-label=\"9 de 10\"><figure class=\"swiper-slide-inner\"><img decoding=\"async\" class=\"swiper-slide-image\" src=\"https:\/\/allthose.org\/wp-content\/uploads\/2024\/12\/10.-IrisHumm-Large.jpeg\" alt=\"10.-IrisHumm Large\" \/><\/figure><\/div><div class=\"swiper-slide\" role=\"group\" aria-roledescription=\"slide\" aria-label=\"10 de 10\"><figure class=\"swiper-slide-inner\"><img decoding=\"async\" class=\"swiper-slide-image\" src=\"https:\/\/allthose.org\/wp-content\/uploads\/2024\/12\/8.-AnthonyPerez-Large.jpeg\" alt=\"8.-AnthonyPerez Large\" \/><\/figure><\/div>\t\t\t<\/div>\n\t\t\t\t\t\t\t\n\t\t\t\t\t\t\t\t\t<div class=\"swiper-pagination\"><\/div>\n\t\t\t\t\t\t\t\t\t<\/div>\n\t\t\t\t\t\t<\/div>\n\t\t\t\t<\/div>\n\t\t\t\t<\/div>\n\t\t\t\t<\/div>\n\t\t","protected":false},"excerpt":{"rendered":"<p>All Those s\u00f3n totes aquelles persones apassionades pel menjar: emprenedors, artesans, cuiners, productors i entusiastes que contribueixen a millorar les seves comunitats a trav\u00e9s de la gastronomia. Volem fomentar una major sensibilitat i consci\u00e8ncia en relaci\u00f3 amb el menjar i, alhora, ens agradaria inspirar i encoratjar m\u00e9s persones a perseguir el seu somni i emprendre [&hellip;]<\/p>\n","protected":false},"author":1,"featured_media":0,"parent":0,"menu_order":0,"comment_status":"closed","ping_status":"closed","template":"elementor_header_footer","meta":{"footnotes":""},"class_list":["post-3740","page","type-page","status-publish","hentry"],"acf":[],"yoast_head":"<!-- This site is optimized with the Yoast SEO plugin v26.3 - https:\/\/yoast.com\/wordpress\/plugins\/seo\/ -->\n<title>Sobre nosaltres - All Those Market<\/title>\n<meta name=\"robots\" content=\"index, follow, max-snippet:-1, max-image-preview:large, max-video-preview:-1\" \/>\n<link rel=\"canonical\" href=\"https:\/\/allthose.org\/sobre-nosotros\/\" \/>\n<meta property=\"og:locale\" content=\"ca_ES\" \/>\n<meta property=\"og:type\" content=\"article\" \/>\n<meta property=\"og:title\" content=\"Sobre nosaltres - All Those Market\" \/>\n<meta property=\"og:description\" content=\"All Those s\u00f3n totes aquelles persones apassionades pel menjar: emprenedors, artesans, cuiners, productors i entusiastes que contribueixen a millorar les seves comunitats a trav\u00e9s de la gastronomia. Volem fomentar una major sensibilitat i consci\u00e8ncia en relaci\u00f3 amb el menjar i, alhora, ens agradaria inspirar i encoratjar m\u00e9s persones a perseguir el seu somni i emprendre [&hellip;]\" \/>\n<meta property=\"og:url\" content=\"https:\/\/allthose.org\/sobre-nosotros\/\" \/>\n<meta property=\"og:site_name\" content=\"All Those Market\" \/>\n<meta property=\"article:modified_time\" content=\"2025-03-04T10:44:59+00:00\" \/>\n<meta property=\"og:image\" content=\"https:\/\/allthose.org\/wp-content\/uploads\/2025\/01\/AT_ViquiSanti_nov23-02-1-scaled.jpg\" \/>\n<meta name=\"twitter:card\" content=\"summary_large_image\" \/>\n<meta name=\"twitter:label1\" content=\"Temps estimat de lectura\" \/>\n\t<meta name=\"twitter:data1\" content=\"5 minuts\" \/>\n<script type=\"application\/ld+json\" class=\"yoast-schema-graph\">{\"@context\":\"https:\/\/schema.org\",\"@graph\":[{\"@type\":\"WebPage\",\"@id\":\"https:\/\/allthose.org\/sobre-nosotros\/\",\"url\":\"https:\/\/allthose.org\/sobre-nosotros\/\",\"name\":\"Sobre nosaltres - All Those Market\",\"isPartOf\":{\"@id\":\"https:\/\/allthose.org\/#website\"},\"primaryImageOfPage\":{\"@id\":\"https:\/\/allthose.org\/sobre-nosotros\/#primaryimage\"},\"image\":{\"@id\":\"https:\/\/allthose.org\/sobre-nosotros\/#primaryimage\"},\"thumbnailUrl\":\"https:\/\/allthose.org\/wp-content\/uploads\/2025\/01\/AT_ViquiSanti_nov23-02-1-scaled.jpg\",\"datePublished\":\"2024-03-12T01:19:45+00:00\",\"dateModified\":\"2025-03-04T10:44:59+00:00\",\"breadcrumb\":{\"@id\":\"https:\/\/allthose.org\/sobre-nosotros\/#breadcrumb\"},\"inLanguage\":\"ca\",\"potentialAction\":[{\"@type\":\"ReadAction\",\"target\":[\"https:\/\/allthose.org\/sobre-nosotros\/\"]}]},{\"@type\":\"ImageObject\",\"inLanguage\":\"ca\",\"@id\":\"https:\/\/allthose.org\/sobre-nosotros\/#primaryimage\",\"url\":\"https:\/\/allthose.org\/wp-content\/uploads\/2025\/01\/AT_ViquiSanti_nov23-02-1-scaled.jpg\",\"contentUrl\":\"https:\/\/allthose.org\/wp-content\/uploads\/2025\/01\/AT_ViquiSanti_nov23-02-1-scaled.jpg\"},{\"@type\":\"BreadcrumbList\",\"@id\":\"https:\/\/allthose.org\/sobre-nosotros\/#breadcrumb\",\"itemListElement\":[{\"@type\":\"ListItem\",\"position\":1,\"name\":\"Home\",\"item\":\"https:\/\/allthose.org\/ca\/\"},{\"@type\":\"ListItem\",\"position\":2,\"name\":\"Sobre nosaltres\"}]},{\"@type\":\"WebSite\",\"@id\":\"https:\/\/allthose.org\/#website\",\"url\":\"https:\/\/allthose.org\/\",\"name\":\"All Those Market\",\"description\":\"\",\"potentialAction\":[{\"@type\":\"SearchAction\",\"target\":{\"@type\":\"EntryPoint\",\"urlTemplate\":\"https:\/\/allthose.org\/?s={search_term_string}\"},\"query-input\":{\"@type\":\"PropertyValueSpecification\",\"valueRequired\":true,\"valueName\":\"search_term_string\"}}],\"inLanguage\":\"ca\"}]}<\/script>\n<!-- \/ Yoast SEO plugin. -->","yoast_head_json":{"title":"Sobre nosaltres - All Those Market","robots":{"index":"index","follow":"follow","max-snippet":"max-snippet:-1","max-image-preview":"max-image-preview:large","max-video-preview":"max-video-preview:-1"},"canonical":"https:\/\/allthose.org\/sobre-nosotros\/","og_locale":"ca_ES","og_type":"article","og_title":"Sobre nosaltres - All Those Market","og_description":"All Those s\u00f3n totes aquelles persones apassionades pel menjar: emprenedors, artesans, cuiners, productors i entusiastes que contribueixen a millorar les seves comunitats a trav\u00e9s de la gastronomia. Volem fomentar una major sensibilitat i consci\u00e8ncia en relaci\u00f3 amb el menjar i, alhora, ens agradaria inspirar i encoratjar m\u00e9s persones a perseguir el seu somni i emprendre [&hellip;]","og_url":"https:\/\/allthose.org\/sobre-nosotros\/","og_site_name":"All Those Market","article_modified_time":"2025-03-04T10:44:59+00:00","og_image":[{"url":"https:\/\/allthose.org\/wp-content\/uploads\/2025\/01\/AT_ViquiSanti_nov23-02-1-scaled.jpg","type":"","width":"","height":""}],"twitter_card":"summary_large_image","twitter_misc":{"Temps estimat de lectura":"5 minuts"},"schema":{"@context":"https:\/\/schema.org","@graph":[{"@type":"WebPage","@id":"https:\/\/allthose.org\/sobre-nosotros\/","url":"https:\/\/allthose.org\/sobre-nosotros\/","name":"Sobre nosaltres - All Those Market","isPartOf":{"@id":"https:\/\/allthose.org\/#website"},"primaryImageOfPage":{"@id":"https:\/\/allthose.org\/sobre-nosotros\/#primaryimage"},"image":{"@id":"https:\/\/allthose.org\/sobre-nosotros\/#primaryimage"},"thumbnailUrl":"https:\/\/allthose.org\/wp-content\/uploads\/2025\/01\/AT_ViquiSanti_nov23-02-1-scaled.jpg","datePublished":"2024-03-12T01:19:45+00:00","dateModified":"2025-03-04T10:44:59+00:00","breadcrumb":{"@id":"https:\/\/allthose.org\/sobre-nosotros\/#breadcrumb"},"inLanguage":"ca","potentialAction":[{"@type":"ReadAction","target":["https:\/\/allthose.org\/sobre-nosotros\/"]}]},{"@type":"ImageObject","inLanguage":"ca","@id":"https:\/\/allthose.org\/sobre-nosotros\/#primaryimage","url":"https:\/\/allthose.org\/wp-content\/uploads\/2025\/01\/AT_ViquiSanti_nov23-02-1-scaled.jpg","contentUrl":"https:\/\/allthose.org\/wp-content\/uploads\/2025\/01\/AT_ViquiSanti_nov23-02-1-scaled.jpg"},{"@type":"BreadcrumbList","@id":"https:\/\/allthose.org\/sobre-nosotros\/#breadcrumb","itemListElement":[{"@type":"ListItem","position":1,"name":"Home","item":"https:\/\/allthose.org\/ca\/"},{"@type":"ListItem","position":2,"name":"Sobre nosaltres"}]},{"@type":"WebSite","@id":"https:\/\/allthose.org\/#website","url":"https:\/\/allthose.org\/","name":"All Those Market","description":"","potentialAction":[{"@type":"SearchAction","target":{"@type":"EntryPoint","urlTemplate":"https:\/\/allthose.org\/?s={search_term_string}"},"query-input":{"@type":"PropertyValueSpecification","valueRequired":true,"valueName":"search_term_string"}}],"inLanguage":"ca"}]}},"_links":{"self":[{"href":"https:\/\/allthose.org\/ca\/wp-json\/wp\/v2\/pages\/3740","targetHints":{"allow":["GET"]}}],"collection":[{"href":"https:\/\/allthose.org\/ca\/wp-json\/wp\/v2\/pages"}],"about":[{"href":"https:\/\/allthose.org\/ca\/wp-json\/wp\/v2\/types\/page"}],"author":[{"embeddable":true,"href":"https:\/\/allthose.org\/ca\/wp-json\/wp\/v2\/users\/1"}],"replies":[{"embeddable":true,"href":"https:\/\/allthose.org\/ca\/wp-json\/wp\/v2\/comments?post=3740"}],"version-history":[{"count":50,"href":"https:\/\/allthose.org\/ca\/wp-json\/wp\/v2\/pages\/3740\/revisions"}],"predecessor-version":[{"id":5048,"href":"https:\/\/allthose.org\/ca\/wp-json\/wp\/v2\/pages\/3740\/revisions\/5048"}],"wp:attachment":[{"href":"https:\/\/allthose.org\/ca\/wp-json\/wp\/v2\/media?parent=3740"}],"curies":[{"name":"wp","href":"https:\/\/api.w.org\/{rel}","templated":true}]}}